{"id":393,"date":"2022-07-12T10:13:19","date_gmt":"2022-07-12T08:13:19","guid":{"rendered":"http:\/\/www.spp.law\/imprint\/"},"modified":"2024-07-28T13:58:14","modified_gmt":"2024-07-28T11:58:14","slug":"imprint","status":"publish","type":"page","link":"https:\/\/www.spp.law\/en\/imprint\/","title":{"rendered":"Imprint"},"content":{"rendered":"<section class=\"l-section wpb_row height_medium\"><div class=\"l-section-h i-cf\"><div class=\"g-cols vc_row via_flex valign_top type_default stacking_default\"><div class=\"vc_col-sm-12 wpb_column vc_column_container\"><div class=\"vc_column-inner\"><div class=\"wpb_wrapper\">[vc_custom_heading text=&#8221;Imprint&#8221; font_container=&#8221;tag:h3|text_align:left&#8221; use_theme_fonts=&#8221;yes&#8221;]<div class=\"wpb_text_column\"><div class=\"wpb_wrapper\"><p><strong>Schmidt Pirker Podoschek Rechtsanw\u00e4lte OG<\/strong><br \/>\nQuartier Belvedere Central (QBC 3)<br \/>\nGertrude-Fr\u00f6hlich-Sandner-Stra\u00dfe 3<br \/>\n1100 Vienna, Austria<br \/>\nTel: <a href=\"tel:%2066%\">+43 1 22 66 333<\/a><br \/>\nE-Mail: <a href=\"mailto:office@spp.law\">office@spp.law<\/a><br \/>\nInternet: <a href=\"https:\/\/www.spp.law\/en\/\" target=\"_blank\" rel=\"noopener\">www.spp.law<\/a><br \/>\nLinkedIn: <a href=\"https:\/\/www.linkedin.com\/company\/schmidt-pirker-podoschek-rechtsanw%C3%A4lte\" target=\"_blank\" rel=\"noopener\">\/schmidt-pirker-podoschek-rechtsanw\u00e4lte<\/a><br \/>\nCompany register number: 576822v<br \/>\nVAT number: ATU78001546<\/p>\n<p>We are lawyers under Austrian law and are subject to the supervision of the Austrian Bar Association and the relevant professional code of conduct (RAO, RL-BA), available at: <a href=\"http:\/\/www.oerak.at\" target=\"_blank\" rel=\"noopener\">www.oerak.at<\/a><\/p>\n<\/div><\/div>[vc_custom_heading text=&#8221;Duty to inform&#8221; font_container=&#8221;tag:h3|text_align:left&#8221; use_theme_fonts=&#8221;yes&#8221;]<div class=\"wpb_text_column\"><div class=\"wpb_wrapper\"><p><strong>Liability for content on this website<\/strong> This website is intended to provide the public with access to information about Schmidt Pirker Podoschek Rechtsanw\u00e4lte OG. The information on this website is prepared by us to the best of our knowledge and belief. Despite all due care, however, the absolute accuracy, timeliness and correctness of the information provided here cannot be guaranteed. If we become aware of any errors or mistakes, we will endeavor to correct them. We would be grateful if you would inform our editorial team of any such information.<\/p>\n<p><strong>Liability for hyperlinks<\/strong><br \/>\nWe have included links to other sites on the Internet on our website. For all these links, we have no influence on the design and content of the linked pages. We therefore expressly distance ourselves from the contents of these linked pages and do not adopt them as our own. This applies to the content of all external websites that can be reached through our website (including through banners, guest books or counters). If we become aware of any illegal activity or information on a website linked by us, we will immediately remove the corresponding link. If you have any knowledge of such information, please send us an e-mail.<\/p>\n<p>Photo and video material from <a href=\"https:\/\/schelberger.at\/\" target=\"_blank\" rel=\"noopener\">schelberger.fotografie<\/a> | <a href=\"https:\/\/www.shutterstock.com\/\" target=\"_blank\" rel=\"noopener noreferrer\">Shutterstock<\/a> Website by <a href=\"https:\/\/marketing-rechtsanwalt.at\/\" target=\"_blank\" rel=\"noopener\">Marketing Rechtsanwalt<\/a><\/p>\n<\/div><\/div><\/div><\/div><\/div><\/div><\/div><\/section>\n","protected":false},"excerpt":{"rendered":"[vc_custom_heading text=\"Imprint\" font_container=\"tag:h3|text_align:left\" use_theme_fonts=\"yes\"]Schmidt Pirker Podoschek Rechtsanw\u00e4lte OG Quartier Belvedere Central (QBC 3) Gertrude-Fr\u00f6hlich-Sandner-Stra\u00dfe 3 1100 Vienna, Austria Tel: +43 1 22 66 333 E-Mail: office@spp.law Internet: www.spp.law LinkedIn: \/schmidt-pirker-podoschek-rechtsanw\u00e4lte Company register number: 576822v VAT number: ATU78001546 We are lawyers under Austrian law and are subject to the supervision of the Austrian Bar Association and...","protected":false},"author":1,"featured_media":0,"parent":0,"menu_order":0,"comment_status":"closed","ping_status":"closed","template":"","meta":{"_monsterinsights_skip_tracking":false,"_monsterinsights_sitenote_active":false,"_monsterinsights_sitenote_note":"","_monsterinsights_sitenote_category":0,"footnotes":""},"class_list":["post-393","page","type-page","status-publish","hentry"],"_links":{"self":[{"href":"https:\/\/www.spp.law\/en\/wp-json\/wp\/v2\/pages\/393","targetHints":{"allow":["GET"]}}],"collection":[{"href":"https:\/\/www.spp.law\/en\/wp-json\/wp\/v2\/pages"}],"about":[{"href":"https:\/\/www.spp.law\/en\/wp-json\/wp\/v2\/types\/page"}],"author":[{"embeddable":true,"href":"https:\/\/www.spp.law\/en\/wp-json\/wp\/v2\/users\/1"}],"replies":[{"embeddable":true,"href":"https:\/\/www.spp.law\/en\/wp-json\/wp\/v2\/comments?post=393"}],"version-history":[{"count":12,"href":"https:\/\/www.spp.law\/en\/wp-json\/wp\/v2\/pages\/393\/revisions"}],"predecessor-version":[{"id":848,"href":"https:\/\/www.spp.law\/en\/wp-json\/wp\/v2\/pages\/393\/revisions\/848"}],"wp:attachment":[{"href":"https:\/\/www.spp.law\/en\/wp-json\/wp\/v2\/media?parent=393"}],"curies":[{"name":"wp","href":"https:\/\/api.w.org\/{rel}","templated":true}]}}